{"id":7,"date":"2024-11-05T19:12:33","date_gmt":"2024-11-05T19:12:33","guid":{"rendered":"http:\/\/www.smakilatakii.pl\/?page_id=7"},"modified":"2025-12-29T13:54:01","modified_gmt":"2025-12-29T13:54:01","slug":"smaki-latakii","status":"publish","type":"page","link":"https:\/\/www.smakilatakii.pl\/","title":{"rendered":"Smaki Latakii"},"content":{"rendered":"\n<div class=\"wp-block-columns alignwide is-layout-flex wp-container-core-columns-is-layout-28f84493 wp-block-columns-is-layout-flex\">\n<div class=\"wp-block-column is-layout-flow wp-block-column-is-layout-flow\" style=\"flex-basis:100%\">\n<div class=\"wp-block-group alignwide has-base-2-background-color has-background is-nowrap is-layout-flex wp-container-core-group-is-layout-e8ffa5d5 wp-block-group-is-layout-flex\" style=\"margin-top:0;margin-bottom:0;padding-top:var(--wp--preset--spacing--40);padding-right:var(--wp--preset--spacing--50);padding-bottom:var(--wp--preset--spacing--40);padding-left:var(--wp--preset--spacing--50)\">\n<div class=\"wp-block-columns alignwide is-layout-flex wp-container-core-columns-is-layout-1da03c2a wp-block-columns-is-layout-flex\">\n<div class=\"wp-block-column is-vertically-aligned-stretch is-layout-flow wp-block-column-is-layout-flow\" style=\"flex-basis:50%\">\n<div class=\"wp-block-group is-vertical is-content-justification-stretch is-layout-flex wp-container-core-group-is-layout-401b7a8a wp-block-group-is-layout-flex\" style=\"min-height:100%\">\n<h2 class=\"wp-block-heading\"><em><strong>Witam!<\/strong><\/em><\/h2>\n\n\n\n<pre class=\"wp-block-verse\"><em><strong>Mam na imi\u0119 Firas i ju\u017c wkr\u00f3tce b\u0119d\u0119 mia\u0142 przyjemno\u015b\u0107 zaprosi\u0107 Pa\u0144stwa do mojej restauracji :)<\/strong><\/em><\/pre>\n\n\n\n<pre class=\"wp-block-verse\"><em><strong>Wi\u0119cej szczeg\u00f3\u0142\u00f3w zamieszcz\u0119 niebawem.<\/strong><\/em><\/pre>\n<\/div>\n<\/div>\n\n\n\n<div class=\"wp-block-column is-vertically-aligned-center is-layout-flow wp-block-column-is-layout-flow\" style=\"flex-basis:50%\">\n<figure class=\"wp-block-image aligncenter size-large is-resized is-style-rounded is-style-rounded--1\"><img loading=\"lazy\" decoding=\"async\" width=\"473\" height=\"1024\" src=\"http:\/\/www.smakilatakii.pl\/wp-content\/uploads\/2024\/11\/IMG_8075-473x1024.png\" alt=\"\" class=\"wp-image-8\" style=\"aspect-ratio:0.75;object-fit:cover;width:333px;height:auto\" srcset=\"https:\/\/www.smakilatakii.pl\/wp-content\/uploads\/2024\/11\/IMG_8075-473x1024.png 473w, https:\/\/www.smakilatakii.pl\/wp-content\/uploads\/2024\/11\/IMG_8075-139x300.png 139w, https:\/\/www.smakilatakii.pl\/wp-content\/uploads\/2024\/11\/IMG_8075-768x1663.png 768w, https:\/\/www.smakilatakii.pl\/wp-content\/uploads\/2024\/11\/IMG_8075-709x1536.png 709w, https:\/\/www.smakilatakii.pl\/wp-content\/uploads\/2024\/11\/IMG_8075-946x2048.png 946w, https:\/\/www.smakilatakii.pl\/wp-content\/uploads\/2024\/11\/IMG_8075.png 1125w\" sizes=\"auto, (max-width: 473px) 100vw, 473px\" \/><\/figure>\n<\/div>\n<\/div>\n<\/div>\n<\/div>\n<\/div>\n\n\n\n<p><\/p>\n","protected":false},"excerpt":{"rendered":"<p>Witam! Mam na imi\u0119 Firas i ju\u017c wkr\u00f3tce b\u0119d\u0119 mia\u0142 przyjemno\u015b\u0107 zaprosi\u0107 Pa\u0144stwa do mojej restauracji \ud83d\ude42 Wi\u0119cej szczeg\u00f3\u0142\u00f3w zamieszcz\u0119 niebawem.<\/p>\n","protected":false},"author":1,"featured_media":0,"parent":0,"menu_order":0,"comment_status":"closed","ping_status":"closed","template":"","meta":{"footnotes":""},"class_list":["post-7","page","type-page","status-publish","hentry"],"_links":{"self":[{"href":"https:\/\/www.smakilatakii.pl\/index.php\/wp-json\/wp\/v2\/pages\/7","targetHints":{"allow":["GET"]}}],"collection":[{"href":"https:\/\/www.smakilatakii.pl\/index.php\/wp-json\/wp\/v2\/pages"}],"about":[{"href":"https:\/\/www.smakilatakii.pl\/index.php\/wp-json\/wp\/v2\/types\/page"}],"author":[{"embeddable":true,"href":"https:\/\/www.smakilatakii.pl\/index.php\/wp-json\/wp\/v2\/users\/1"}],"replies":[{"embeddable":true,"href":"https:\/\/www.smakilatakii.pl\/index.php\/wp-json\/wp\/v2\/comments?post=7"}],"version-history":[{"count":15,"href":"https:\/\/www.smakilatakii.pl\/index.php\/wp-json\/wp\/v2\/pages\/7\/revisions"}],"predecessor-version":[{"id":60,"href":"https:\/\/www.smakilatakii.pl\/index.php\/wp-json\/wp\/v2\/pages\/7\/revisions\/60"}],"wp:attachment":[{"href":"https:\/\/www.smakilatakii.pl\/index.php\/wp-json\/wp\/v2\/media?parent=7"}],"curies":[{"name":"wp","href":"https:\/\/api.w.org\/{rel}","templated":true}]}}